{"id":1252,"date":"2023-07-26T23:23:05","date_gmt":"2023-07-26T21:23:05","guid":{"rendered":"https:\/\/atahs-td.org\/?page_id=1252"},"modified":"2025-08-12T00:24:00","modified_gmt":"2025-08-11T22:24:00","slug":"valeurs-et-convictions","status":"publish","type":"page","link":"https:\/\/atahs-td.org\/index.php\/valeurs-et-convictions\/","title":{"rendered":"Valeurs"},"content":{"rendered":"\t\t<div data-elementor-type=\"wp-page\" data-elementor-id=\"1252\" class=\"elementor elementor-1252\" data-elementor-post-type=\"page\">\n\t\t\t\t\t\t<section data-particle_enable=\"false\" data-particle-mobile-disabled=\"false\" class=\"elementor-section elementor-top-section elementor-element elementor-element-c4bbdfa elementor-section-stretched elementor-section-boxed elementor-section-height-default elementor-section-height-default\" data-id=\"c4bbdfa\" data-element_type=\"section\" data-e-type=\"section\" data-settings=\"{&quot;background_background&quot;:&quot;classic&quot;,&quot;stretch_section&quot;:&quot;section-stretched&quot;}\">\n\t\t\t\t\t\t\t<div class=\"elementor-background-overlay\"><\/div>\n\t\t\t\t\t\t\t<div class=\"elementor-container elementor-column-gap-default\">\n\t\t\t\t\t<div class=\"elementor-column elementor-col-100 elementor-top-column elementor-element elementor-element-5140dc9\" data-id=\"5140dc9\" data-element_type=\"column\" data-e-type=\"column\">\n\t\t\t<div class=\"elementor-widget-wrap elementor-element-populated\">\n\t\t\t\t\t\t<div class=\"elementor-element elementor-element-153b115 elementor-widget elementor-widget-heading\" data-id=\"153b115\" data-element_type=\"widget\" data-e-type=\"widget\" data-widget_type=\"heading.default\">\n\t\t\t\t<div class=\"elementor-widget-container\">\n\t\t\t\t\t<h2 class=\"elementor-heading-title elementor-size-default\">Valeurs et convictions<\/h2>\t\t\t\t<\/div>\n\t\t\t\t<\/div>\n\t\t\t\t\t<\/div>\n\t\t<\/div>\n\t\t\t\t\t<\/div>\n\t\t<\/section>\n\t\t\t\t<section data-particle_enable=\"false\" data-particle-mobile-disabled=\"false\" class=\"elementor-section elementor-top-section elementor-element elementor-element-66c91133 elementor-section-boxed elementor-section-height-default elementor-section-height-default\" data-id=\"66c91133\" data-element_type=\"section\" data-e-type=\"section\">\n\t\t\t\t\t\t\t<div class=\"elementor-background-overlay\"><\/div>\n\t\t\t\t\t\t\t<div class=\"elementor-container elementor-column-gap-default\">\n\t\t\t\t\t<div class=\"elementor-column elementor-col-100 elementor-top-column elementor-element elementor-element-6db51e0\" data-id=\"6db51e0\" data-element_type=\"column\" data-e-type=\"column\">\n\t\t\t<div class=\"elementor-widget-wrap elementor-element-populated\">\n\t\t\t\t\t\t<div class=\"elementor-element elementor-element-1b389b elementor-invisible elementor-widget elementor-widget-heading\" data-id=\"1b389b\" data-element_type=\"widget\" data-e-type=\"widget\" data-settings=\"{&quot;_animation&quot;:&quot;fadeInDown&quot;}\" data-widget_type=\"heading.default\">\n\t\t\t\t<div class=\"elementor-widget-container\">\n\t\t\t\t\t<h2 class=\"elementor-heading-title elementor-size-default\">Nos valeurs<\/h2>\t\t\t\t<\/div>\n\t\t\t\t<\/div>\n\t\t\t\t<div class=\"elementor-element elementor-element-12103c71 elementor-widget-divider--view-line_icon elementor-view-default elementor-widget-divider--element-align-center elementor-invisible elementor-widget elementor-widget-divider\" data-id=\"12103c71\" data-element_type=\"widget\" data-e-type=\"widget\" data-settings=\"{&quot;_animation&quot;:&quot;fadeInDown&quot;}\" data-widget_type=\"divider.default\">\n\t\t\t\t<div class=\"elementor-widget-container\">\n\t\t\t\t\t\t\t<div class=\"elementor-divider\">\n\t\t\t<span class=\"elementor-divider-separator\">\n\t\t\t\t\t\t\t<div class=\"elementor-icon elementor-divider__element\">\n\t\t\t\t\t<svg xmlns=\"http:\/\/www.w3.org\/2000\/svg\" id=\"Capa_1\" height=\"512\" viewBox=\"0 0 512.227 512.227\" width=\"512\"><g><path d=\"m481.051 137.549c-23.767-2.363-34.756 29.992-41.179 53.029-5.912 21.207-11.414 49.261-16.354 83.379-1.625 6.458-3.99 12.576-7.027 18.253-.391-.641-.803-1.273-1.246-1.892-6.495-9.063-20.272-18.346-49.042-11.106-22.04 5.546-50.639 20.295-85.002 43.836l-.515.369c-9.741 7.296-17.793 15.799-24.163 25.418-6.37-9.62-14.421-18.122-24.163-25.418l-.515-.369c-34.363-23.541-62.962-38.29-85.002-43.836-28.766-7.238-42.549 2.044-49.042 11.106-.542.757-1.031 1.538-1.495 2.328-3.345-5.925-5.916-12.293-7.625-18.988-4.468-30.806-14.083-90.073-29.2-117.13-9.531-17.061-20.64-19.739-28.289-18.98-33.237 3.302-31.93 64.948-30.741 100.14 1.109 32.843 4.596 62.158 4.743 63.39l.041.31c5.657 40.063 43.896 76.357 80.877 111.457 31.469 29.868 64.009 60.752 64.009 84.268v15h212v-15c0-23.515 32.54-54.4 64.009-84.268 36.98-35.1 75.22-71.394 80.877-111.457l.041-.31c.147-1.232 3.634-30.547 4.743-63.39 1.233-36.479 2.089-96.877-30.74-100.139zm-238.928 344.564h-63.964c-7.954-30.815-38.897-60.185-71.393-91.027-33.191-31.504-67.512-64.077-71.802-93.738-.28-2.383-3.598-31.176-4.571-61.988-1.148-36.346 1.561-54.028 3.899-62.344 15.041 29.885 22.996 96.433 23.018 96.533 4.104 28.602 19.102 53.894 42.229 71.216l70.981 53.165 17.984-24.012-57.966-43.417c-7.426-5.562-9.975-16.438-8.349-18.709.385-.537 4.945-2.605 17.335.513 12.749 3.208 36.119 12.634 75.098 39.307 14.652 11.053 23.555 24.731 27.501 42.932zm239.729-246.753c-.974 30.812-4.291 59.605-4.571 61.988-4.29 29.662-38.61 62.234-71.802 93.738-32.495 30.842-63.438 60.212-71.393 91.027h-62.16v-94.608l-.032-.161c4.25-16.613 12.755-29.338 26.532-39.731 38.979-26.672 62.35-36.099 75.099-39.307 12.389-3.119 16.949-1.049 17.335-.513 1.626 2.271-.924 13.146-8.35 18.708l-57.966 43.417 17.984 24.012 70.981-53.166c22.546-16.887 37.258-42.178 41.425-71.215.021-.1 8.404-67.497 23.018-96.533 2.339 8.316 5.048 25.998 3.9 62.344z\"><\/path><path d=\"m90.123 106.113c0 58.065 42.863 88.042 92.495 122.752 20.673 14.458 42.05 29.408 63.672 48.176l9.821 8.524 9.831-8.513c24.463-21.184 47.817-37.711 68.422-52.293 49.031-34.699 87.759-62.105 87.759-118.646 0-58.449-47.103-106-105-106-22.716 0-44.461 9.904-61 27.203-16.539-17.299-38.284-27.203-61-27.203-57.898 0-105 47.552-105 106zm153.26-46.481 12.739 20.492 12.739-20.492c11.49-18.483 29.532-29.519 48.261-29.519 41.355 0 75 34.093 75 76 0 39.276-24.376 58.27-75.089 94.158-18.439 13.049-39.022 27.616-60.928 45.793-19.527-16.071-38.904-29.622-56.296-41.784-46.262-32.354-79.687-55.73-79.687-98.167 0-41.907 33.645-76 75-76 18.729 0 36.771 11.036 48.261 29.519z\"><\/path><path d=\"m241.123 181.113h30v-30h30v-30h-30v-31h-30v31h-30v30h30z\"><\/path><\/g><\/svg><\/div>\n\t\t\t\t\t\t<\/span>\n\t\t<\/div>\n\t\t\t\t\t\t<\/div>\n\t\t\t\t<\/div>\n\t\t\t\t<section data-particle_enable=\"false\" data-particle-mobile-disabled=\"false\" class=\"elementor-section elementor-inner-section elementor-element elementor-element-38b94f6c elementor-section-boxed elementor-section-height-default elementor-section-height-default\" data-id=\"38b94f6c\" data-element_type=\"section\" data-e-type=\"section\">\n\t\t\t\t\t\t<div class=\"elementor-container elementor-column-gap-default\">\n\t\t\t\t\t<div class=\"elementor-column elementor-col-50 elementor-inner-column elementor-element elementor-element-7ffccb62 elementor-invisible\" data-id=\"7ffccb62\" data-element_type=\"column\" data-e-type=\"column\" data-settings=\"{&quot;animation&quot;:&quot;fadeInLeft&quot;}\">\n\t\t\t<div class=\"elementor-widget-wrap elementor-element-populated\">\n\t\t\t\t\t\t<div class=\"elementor-element elementor-element-1e29cc6e elementor-widget elementor-widget-icon-box\" data-id=\"1e29cc6e\" data-element_type=\"widget\" data-e-type=\"widget\" data-widget_type=\"icon-box.default\">\n\t\t\t\t<div class=\"elementor-widget-container\">\n\t\t\t\t\t\t\t<div class=\"elementor-icon-box-wrapper\">\n\n\t\t\t\n\t\t\t\t\t\t<div class=\"elementor-icon-box-content\">\n\n\t\t\t\t\t\t\t\t\t<h3 class=\"elementor-icon-box-title\">\n\t\t\t\t\t\t<span  >\n\t\t\t\t\t\t\tDignit\u00e9\t\t\t\t\t\t<\/span>\n\t\t\t\t\t<\/h3>\n\t\t\t\t\n\t\t\t\t\t\t\t\t\t<p class=\"elementor-icon-box-description\">\n\t\t\t\t\t\tNous agissons en respectant \u00e0 la lettre la valeur de l\u2019Etre humain et nous luttons pour que chaque personne retrouve sa place dans son milieu \t\t\t\t\t<\/p>\n\t\t\t\t\n\t\t\t<\/div>\n\t\t\t\n\t\t<\/div>\n\t\t\t\t\t\t<\/div>\n\t\t\t\t<\/div>\n\t\t\t\t<div class=\"elementor-element elementor-element-7f18c0b3 elementor-widget elementor-widget-icon-box\" data-id=\"7f18c0b3\" data-element_type=\"widget\" data-e-type=\"widget\" data-widget_type=\"icon-box.default\">\n\t\t\t\t<div class=\"elementor-widget-container\">\n\t\t\t\t\t\t\t<div class=\"elementor-icon-box-wrapper\">\n\n\t\t\t\n\t\t\t\t\t\t<div class=\"elementor-icon-box-content\">\n\n\t\t\t\t\t\t\t\t\t<h3 class=\"elementor-icon-box-title\">\n\t\t\t\t\t\t<span  >\n\t\t\t\t\t\t\tEquit\u00e9\t\t\t\t\t\t<\/span>\n\t\t\t\t\t<\/h3>\n\t\t\t\t\n\t\t\t\t\t\t\t\t\t<p class=\"elementor-icon-box-description\">\n\t\t\t\t\t\tQuelle que soit les services \u00e0 fournir nous traitons les personnes de fa\u00e7on juste et \u00e9quitable\t\t\t\t\t<\/p>\n\t\t\t\t\n\t\t\t<\/div>\n\t\t\t\n\t\t<\/div>\n\t\t\t\t\t\t<\/div>\n\t\t\t\t<\/div>\n\t\t\t\t<div class=\"elementor-element elementor-element-94444d3 elementor-widget elementor-widget-icon-box\" data-id=\"94444d3\" data-element_type=\"widget\" data-e-type=\"widget\" data-widget_type=\"icon-box.default\">\n\t\t\t\t<div class=\"elementor-widget-container\">\n\t\t\t\t\t\t\t<div class=\"elementor-icon-box-wrapper\">\n\n\t\t\t\n\t\t\t\t\t\t<div class=\"elementor-icon-box-content\">\n\n\t\t\t\t\t\t\t\t\t<h3 class=\"elementor-icon-box-title\">\n\t\t\t\t\t\t<span  >\n\t\t\t\t\t\t\tProfessionnalisme\t\t\t\t\t\t<\/span>\n\t\t\t\t\t<\/h3>\n\t\t\t\t\n\t\t\t\t\t\t\t\t\t<p class=\"elementor-icon-box-description\">\n\t\t\t\t\t\tNous optons pour l\u2019excellence en offrons des services de qualit\u00e9. Nous avons les aptitudes et les connaissances \u00e0 l\u2019interne, au niveau national et r\u00e9gional  pour faire le bon travail dans le temps imparti\t\t\t\t\t<\/p>\n\t\t\t\t\n\t\t\t<\/div>\n\t\t\t\n\t\t<\/div>\n\t\t\t\t\t\t<\/div>\n\t\t\t\t<\/div>\n\t\t\t\t\t<\/div>\n\t\t<\/div>\n\t\t\t\t<div class=\"elementor-column elementor-col-50 elementor-inner-column elementor-element elementor-element-408d00f3 elementor-invisible\" data-id=\"408d00f3\" data-element_type=\"column\" data-e-type=\"column\" data-settings=\"{&quot;animation&quot;:&quot;fadeInRight&quot;}\">\n\t\t\t<div class=\"elementor-widget-wrap elementor-element-populated\">\n\t\t\t\t\t\t<div class=\"elementor-element elementor-element-65b1c3de elementor-widget elementor-widget-icon-box\" data-id=\"65b1c3de\" data-element_type=\"widget\" data-e-type=\"widget\" data-widget_type=\"icon-box.default\">\n\t\t\t\t<div class=\"elementor-widget-container\">\n\t\t\t\t\t\t\t<div class=\"elementor-icon-box-wrapper\">\n\n\t\t\t\n\t\t\t\t\t\t<div class=\"elementor-icon-box-content\">\n\n\t\t\t\t\t\t\t\t\t<h3 class=\"elementor-icon-box-title\">\n\t\t\t\t\t\t<span  >\n\t\t\t\t\t\t\tDurabilit\u00e9\t\t\t\t\t\t<\/span>\n\t\t\t\t\t<\/h3>\n\t\t\t\t\n\t\t\t\t\t\t\t\t\t<p class=\"elementor-icon-box-description\">\n\t\t\t\t\t\tLa p\u00e9rennisation des acquis en respectant les trois principales dimensions de d\u00e9veloppement durable : Sociale, Economique et environnementale\t\t\t\t\t<\/p>\n\t\t\t\t\n\t\t\t<\/div>\n\t\t\t\n\t\t<\/div>\n\t\t\t\t\t\t<\/div>\n\t\t\t\t<\/div>\n\t\t\t\t<div class=\"elementor-element elementor-element-5d527920 elementor-widget elementor-widget-icon-box\" data-id=\"5d527920\" data-element_type=\"widget\" data-e-type=\"widget\" data-widget_type=\"icon-box.default\">\n\t\t\t\t<div class=\"elementor-widget-container\">\n\t\t\t\t\t\t\t<div class=\"elementor-icon-box-wrapper\">\n\n\t\t\t\n\t\t\t\t\t\t<div class=\"elementor-icon-box-content\">\n\n\t\t\t\t\t\t\t\t\t<h3 class=\"elementor-icon-box-title\">\n\t\t\t\t\t\t<span  >\n\t\t\t\t\t\t\tRedevabilit\u00e9\t\t\t\t\t\t<\/span>\n\t\t\t\t\t<\/h3>\n\t\t\t\t\n\t\t\t\t\t\t\t\t\t<p class=\"elementor-icon-box-description\">\n\t\t\t\t\t\tChaque action en faveur des b\u00e9n\u00e9ficiaires, nous oblige \u00e0 leur rendre compte fid\u00e8lement\t\t\t\t\t<\/p>\n\t\t\t\t\n\t\t\t<\/div>\n\t\t\t\n\t\t<\/div>\n\t\t\t\t\t\t<\/div>\n\t\t\t\t<\/div>\n\t\t\t\t\t<\/div>\n\t\t<\/div>\n\t\t\t\t\t<\/div>\n\t\t<\/section>\n\t\t\t\t\t<\/div>\n\t\t<\/div>\n\t\t\t\t\t<\/div>\n\t\t<\/section>\n\t\t\t\t<\/div>\n\t\t","protected":false},"excerpt":{"rendered":"<p>Valeurs et convictions Nos valeurs Dignit\u00e9 Nous agissons en respectant \u00e0 la lettre la valeur de l\u2019Etre humain et nous luttons pour que chaque personne retrouve sa place dans son milieu Equit\u00e9 Quelle que soit les services \u00e0 fournir nous traitons les personnes de fa\u00e7on juste et \u00e9quitable Professionnalisme Nous optons pour l\u2019excellence en offrons des services de qualit\u00e9. Nous&#8230;<\/p>\n","protected":false},"author":1,"featured_media":0,"parent":0,"menu_order":0,"comment_status":"closed","ping_status":"closed","template":"elementor_header_footer","meta":{"_acf_changed":false,"om_disable_all_campaigns":false,"_monsterinsights_skip_tracking":false,"_monsterinsights_sitenote_active":false,"_monsterinsights_sitenote_note":"","_monsterinsights_sitenote_category":0,"footnotes":""},"class_list":["post-1252","page","type-page","status-publish","hentry"],"acf":[],"aioseo_notices":[],"_links":{"self":[{"href":"https:\/\/atahs-td.org\/index.php\/wp-json\/wp\/v2\/pages\/1252","targetHints":{"allow":["GET"]}}],"collection":[{"href":"https:\/\/atahs-td.org\/index.php\/wp-json\/wp\/v2\/pages"}],"about":[{"href":"https:\/\/atahs-td.org\/index.php\/wp-json\/wp\/v2\/types\/page"}],"author":[{"embeddable":true,"href":"https:\/\/atahs-td.org\/index.php\/wp-json\/wp\/v2\/users\/1"}],"replies":[{"embeddable":true,"href":"https:\/\/atahs-td.org\/index.php\/wp-json\/wp\/v2\/comments?post=1252"}],"version-history":[{"count":8,"href":"https:\/\/atahs-td.org\/index.php\/wp-json\/wp\/v2\/pages\/1252\/revisions"}],"predecessor-version":[{"id":1453,"href":"https:\/\/atahs-td.org\/index.php\/wp-json\/wp\/v2\/pages\/1252\/revisions\/1453"}],"wp:attachment":[{"href":"https:\/\/atahs-td.org\/index.php\/wp-json\/wp\/v2\/media?parent=1252"}],"curies":[{"name":"wp","href":"https:\/\/api.w.org\/{rel}","templated":true}]}}