{"id":219,"date":"2020-07-05T06:15:23","date_gmt":"2020-07-05T04:15:23","guid":{"rendered":"https:\/\/bizbergthemes.com\/ngo-charity-fundraising-pro\/?page_id=219"},"modified":"2025-08-12T00:19:41","modified_gmt":"2025-08-11T22:19:41","slug":"objectifs","status":"publish","type":"page","link":"https:\/\/atahs-td.org\/index.php\/objectifs\/","title":{"rendered":"Objectifs"},"content":{"rendered":"\t\t<div data-elementor-type=\"wp-page\" data-elementor-id=\"219\" class=\"elementor elementor-219\" data-elementor-post-type=\"page\">\n\t\t\t\t\t\t<section data-particle_enable=\"false\" data-particle-mobile-disabled=\"false\" class=\"elementor-section elementor-top-section elementor-element elementor-element-c4bbdfa elementor-section-stretched elementor-section-boxed elementor-section-height-default elementor-section-height-default\" data-id=\"c4bbdfa\" data-element_type=\"section\" data-e-type=\"section\" data-settings=\"{&quot;background_background&quot;:&quot;classic&quot;,&quot;stretch_section&quot;:&quot;section-stretched&quot;}\">\n\t\t\t\t\t\t\t<div class=\"elementor-background-overlay\"><\/div>\n\t\t\t\t\t\t\t<div class=\"elementor-container elementor-column-gap-default\">\n\t\t\t\t\t<div class=\"elementor-column elementor-col-100 elementor-top-column elementor-element elementor-element-5140dc9\" data-id=\"5140dc9\" data-element_type=\"column\" data-e-type=\"column\">\n\t\t\t<div class=\"elementor-widget-wrap elementor-element-populated\">\n\t\t\t\t\t\t<div class=\"elementor-element elementor-element-153b115 elementor-widget elementor-widget-heading\" data-id=\"153b115\" data-element_type=\"widget\" data-e-type=\"widget\" data-widget_type=\"heading.default\">\n\t\t\t\t<div class=\"elementor-widget-container\">\n\t\t\t\t\t<h2 class=\"elementor-heading-title elementor-size-default\">Objectifs<\/h2>\t\t\t\t<\/div>\n\t\t\t\t<\/div>\n\t\t\t\t\t<\/div>\n\t\t<\/div>\n\t\t\t\t\t<\/div>\n\t\t<\/section>\n\t\t\t\t<section data-particle_enable=\"false\" data-particle-mobile-disabled=\"false\" class=\"elementor-section elementor-top-section elementor-element elementor-element-ae1b9e7 elementor-section-boxed elementor-section-height-default elementor-section-height-default\" data-id=\"ae1b9e7\" data-element_type=\"section\" data-e-type=\"section\">\n\t\t\t\t\t\t<div class=\"elementor-container elementor-column-gap-default\">\n\t\t\t\t\t<div class=\"elementor-column elementor-col-100 elementor-top-column elementor-element elementor-element-43506f3\" data-id=\"43506f3\" data-element_type=\"column\" data-e-type=\"column\">\n\t\t\t<div class=\"elementor-widget-wrap elementor-element-populated\">\n\t\t\t\t\t\t<section data-particle_enable=\"false\" data-particle-mobile-disabled=\"false\" class=\"elementor-section elementor-inner-section elementor-element elementor-element-f2a698e elementor-section-boxed elementor-section-height-default elementor-section-height-default\" data-id=\"f2a698e\" data-element_type=\"section\" data-e-type=\"section\" data-settings=\"{&quot;background_background&quot;:&quot;classic&quot;}\">\n\t\t\t\t\t\t<div class=\"elementor-container elementor-column-gap-default\">\n\t\t\t\t\t<div class=\"elementor-column elementor-col-100 elementor-inner-column elementor-element elementor-element-af8f31d\" data-id=\"af8f31d\" data-element_type=\"column\" data-e-type=\"column\">\n\t\t\t<div class=\"elementor-widget-wrap elementor-element-populated\">\n\t\t\t\t\t\t<div class=\"elementor-element elementor-element-360437c elementor-widget elementor-widget-icon-box\" data-id=\"360437c\" data-element_type=\"widget\" data-e-type=\"widget\" data-widget_type=\"icon-box.default\">\n\t\t\t\t<div class=\"elementor-widget-container\">\n\t\t\t\t\t\t\t<div class=\"elementor-icon-box-wrapper\">\n\n\t\t\t\n\t\t\t\t\t\t<div class=\"elementor-icon-box-content\">\n\n\t\t\t\t\t\t\t\t\t<h3 class=\"elementor-icon-box-title\">\n\t\t\t\t\t\t<span  >\n\t\t\t\t\t\t\tObjectifs\t\t\t\t\t\t<\/span>\n\t\t\t\t\t<\/h3>\n\t\t\t\t\n\t\t\t\t\t\t\t\t\t<p class=\"elementor-icon-box-description\">\n\t\t\t\t\t\tNotre but est l\u2019engagement sans faille en faveur des personnes n\u00e9cessiteuses, afin de vaincre la faim, la pauvret\u00e9, l\u2019injustice sociale sans aucune forme de discrimination.\n<\/br>Objectifs sp\u00e9cifiques  :<\/br>\nNous facilitons le changement durable en offrant des services des qualit\u00e9s dans les domaines de la protection g\u00e9n\u00e9rale des personnes s\u00e9curit\u00e9 alimentaire, la sante, l\u2019\u00e9ducation, le renforcement des capacit\u00e9s et la r\u00e9ponse d\u2019urgence humanitaire par des actions de mobilisation, d\u2019information, formation, sensibilisation, Vulgarisation, plaidoyers, redynamisation et appui toutes les personnes d\u00e9favoris\u00e9es afin de vivre dignement. \n\t\t\t\t\t<\/p>\n\t\t\t\t\n\t\t\t<\/div>\n\t\t\t\n\t\t<\/div>\n\t\t\t\t\t\t<\/div>\n\t\t\t\t<\/div>\n\t\t\t\t\t<\/div>\n\t\t<\/div>\n\t\t\t\t\t<\/div>\n\t\t<\/section>\n\t\t\t\t\t<\/div>\n\t\t<\/div>\n\t\t\t\t\t<\/div>\n\t\t<\/section>\n\t\t\t\t<\/div>\n\t\t","protected":false},"excerpt":{"rendered":"<p>Objectifs Objectifs Notre but est l\u2019engagement sans faille en faveur des personnes n\u00e9cessiteuses, afin de vaincre la faim, la pauvret\u00e9, l\u2019injustice sociale sans aucune forme de discrimination. Objectifs sp\u00e9cifiques : Nous facilitons le changement durable en offrant des services des qualit\u00e9s dans les domaines de la protection g\u00e9n\u00e9rale des personnes s\u00e9curit\u00e9 alimentaire, la sante, l\u2019\u00e9ducation, le renforcement des capacit\u00e9s et&#8230;<\/p>\n","protected":false},"author":1,"featured_media":0,"parent":0,"menu_order":0,"comment_status":"closed","ping_status":"closed","template":"elementor_header_footer","meta":{"_acf_changed":false,"om_disable_all_campaigns":false,"_monsterinsights_skip_tracking":false,"_monsterinsights_sitenote_active":false,"_monsterinsights_sitenote_note":"","_monsterinsights_sitenote_category":0,"footnotes":""},"class_list":["post-219","page","type-page","status-publish","hentry"],"acf":[],"aioseo_notices":[],"_links":{"self":[{"href":"https:\/\/atahs-td.org\/index.php\/wp-json\/wp\/v2\/pages\/219","targetHints":{"allow":["GET"]}}],"collection":[{"href":"https:\/\/atahs-td.org\/index.php\/wp-json\/wp\/v2\/pages"}],"about":[{"href":"https:\/\/atahs-td.org\/index.php\/wp-json\/wp\/v2\/types\/page"}],"author":[{"embeddable":true,"href":"https:\/\/atahs-td.org\/index.php\/wp-json\/wp\/v2\/users\/1"}],"replies":[{"embeddable":true,"href":"https:\/\/atahs-td.org\/index.php\/wp-json\/wp\/v2\/comments?post=219"}],"version-history":[{"count":50,"href":"https:\/\/atahs-td.org\/index.php\/wp-json\/wp\/v2\/pages\/219\/revisions"}],"predecessor-version":[{"id":1449,"href":"https:\/\/atahs-td.org\/index.php\/wp-json\/wp\/v2\/pages\/219\/revisions\/1449"}],"wp:attachment":[{"href":"https:\/\/atahs-td.org\/index.php\/wp-json\/wp\/v2\/media?parent=219"}],"curies":[{"name":"wp","href":"https:\/\/api.w.org\/{rel}","templated":true}]}}